{"id":24,"date":"2024-03-11T12:29:58","date_gmt":"2024-03-11T12:29:58","guid":{"rendered":"https:\/\/alkoneks.com\/?page_id=24"},"modified":"2024-03-11T12:34:13","modified_gmt":"2024-03-11T12:34:13","slug":"danismanlik-hizmetleri","status":"publish","type":"page","link":"http:\/\/alkoneks.com\/?page_id=24","title":{"rendered":"Dan\u0131\u015fmanl\u0131k Hizmetleri"},"content":{"rendered":"\n<ul>\n<li>\u0130stekleriniz do\u011frultusunda dan\u0131\u015fmanl\u0131k hizmetleri verilir.<\/li>\n\n\n\n<li>Yeni kurulu\u015f ve yerle\u015fim plan\u0131 dan\u0131\u015fmanl\u0131\u011f\u0131 verilir.<\/li>\n\n\n\n<li>Eksik tespiti gerekli iyile\u015ftirmelerin tespiti yap\u0131l\u0131r.<\/li>\n\n\n\n<li>\u00dcretim kontrol\u00fc ve raporlama hizmetleri verilir.<\/li>\n<\/ul>\n","protected":false},"excerpt":{"rendered":"","protected":false},"author":1,"featured_media":29,"parent":0,"menu_order":0,"comment_status":"closed","ping_status":"closed","template":"","meta":{"footnotes":""},"_links":{"self":[{"href":"http:\/\/alkoneks.com\/index.php?rest_route=\/wp\/v2\/pages\/24"}],"collection":[{"href":"http:\/\/alkoneks.com\/index.php?rest_route=\/wp\/v2\/pages"}],"about":[{"href":"http:\/\/alkoneks.com\/index.php?rest_route=\/wp\/v2\/types\/page"}],"author":[{"embeddable":true,"href":"http:\/\/alkoneks.com\/index.php?rest_route=\/wp\/v2\/users\/1"}],"replies":[{"embeddable":true,"href":"http:\/\/alkoneks.com\/index.php?rest_route=%2Fwp%2Fv2%2Fcomments&post=24"}],"version-history":[{"count":1,"href":"http:\/\/alkoneks.com\/index.php?rest_route=\/wp\/v2\/pages\/24\/revisions"}],"predecessor-version":[{"id":25,"href":"http:\/\/alkoneks.com\/index.php?rest_route=\/wp\/v2\/pages\/24\/revisions\/25"}],"wp:featuredmedia":[{"embeddable":true,"href":"http:\/\/alkoneks.com\/index.php?rest_route=\/wp\/v2\/media\/29"}],"wp:attachment":[{"href":"http:\/\/alkoneks.com\/index.php?rest_route=%2Fwp%2Fv2%2Fmedia&parent=24"}],"curies":[{"name":"wp","href":"https:\/\/api.w.org\/{rel}","templated":true}]}}