{"id":2,"date":"2024-03-08T22:29:10","date_gmt":"2024-03-08T22:29:10","guid":{"rendered":"http:\/\/alkoneks.com\/?page_id=2"},"modified":"2024-03-11T12:28:11","modified_gmt":"2024-03-11T12:28:11","slug":"sample-page","status":"publish","type":"page","link":"http:\/\/alkoneks.com\/","title":{"rendered":"Test Sayfas\u0131"},"content":{"rendered":"\n<p>Velik\u00f6y OSB Mh. 2.Cd Kosikoop Sanayi Sitesi F Blok No:2-4, 59500 \u00c7erkezk\u00f6y\/Tekirda\u011f<\/p>\n\n\n\n<p>Tel: 0 282 746 15 61 Faks: 0 282 746 15 61<\/p>\n\n\n\n<p>alkoneks@alkoneks.com<\/p>\n\n\n\n<p><\/p>\n","protected":false},"excerpt":{"rendered":"<p>Velik\u00f6y OSB Mh. 2.Cd Kosikoop Sanayi Sitesi F Blok No:2-4, 59500 \u00c7erkezk\u00f6y\/Tekirda\u011f Tel: 0 282 746 15 61 Faks: 0 282 746 15 61 alkoneks@alkoneks.com<\/p>\n","protected":false},"author":1,"featured_media":0,"parent":0,"menu_order":0,"comment_status":"closed","ping_status":"open","template":"","meta":{"footnotes":""},"_links":{"self":[{"href":"http:\/\/alkoneks.com\/index.php?rest_route=\/wp\/v2\/pages\/2"}],"collection":[{"href":"http:\/\/alkoneks.com\/index.php?rest_route=\/wp\/v2\/pages"}],"about":[{"href":"http:\/\/alkoneks.com\/index.php?rest_route=\/wp\/v2\/types\/page"}],"author":[{"embeddable":true,"href":"http:\/\/alkoneks.com\/index.php?rest_route=\/wp\/v2\/users\/1"}],"replies":[{"embeddable":true,"href":"http:\/\/alkoneks.com\/index.php?rest_route=%2Fwp%2Fv2%2Fcomments&post=2"}],"version-history":[{"count":1,"href":"http:\/\/alkoneks.com\/index.php?rest_route=\/wp\/v2\/pages\/2\/revisions"}],"predecessor-version":[{"id":23,"href":"http:\/\/alkoneks.com\/index.php?rest_route=\/wp\/v2\/pages\/2\/revisions\/23"}],"wp:attachment":[{"href":"http:\/\/alkoneks.com\/index.php?rest_route=%2Fwp%2Fv2%2Fmedia&parent=2"}],"curies":[{"name":"wp","href":"https:\/\/api.w.org\/{rel}","templated":true}]}}